{"id":868,"date":"2024-10-02T11:39:04","date_gmt":"2024-10-02T09:39:04","guid":{"rendered":"https:\/\/www.forgerex.de\/dialog-press\/events\/"},"modified":"2026-03-19T17:18:32","modified_gmt":"2026-03-19T16:18:32","slug":"events","status":"publish","type":"page","link":"https:\/\/www.forgerex.de\/en\/dialog-press\/events\/","title":{"rendered":"Events"},"content":{"rendered":"\n<h1 class=\"wp-block-heading\">Events<\/h1>\n\t\n  \n\t\t\n<div class=\"wp-block-group alignwide has-background  has-gruen-background-color single-post\">\n <div class=\"wp-block-group__inner-container is-layout-constrained wp-block-group-is-layout-constrained\">\n\n\t\t<div class=\"col-content\">\n\t\t\n\t\t\t<h4 class=\"post-heading\">\n\t\t\t\tAnti-Armenian Racism\t\t\t<\/h4>\n\t\t\t<span class='single-post-date marker'>\t\t\t 21.04.2026<\/span>\t\n\t\t\n\t\t\t - \t\t\t<p class=\"excerpt\">\t\t\t Part of the online lecture series \"Overlooked and Concealed: The Impact of the 'Grey Wolves'\"<br><li>Dr. Christin Pschichholz - Nationalist Narratives and the Long Shadow of the Past: Turkey and the Genocide of the Armenian Population<\/li>\n<li>N.N. - tba.<\/li>\nModerator: Dr. Murat Arpac\u0131 (University of Erzincan)<br>Further information on lectures, registration, admission and other events in this series can be found in the <a href=\"http:\/\/www.forgerex.de\/wp-content\/uploads\/2026\/03\/Programm-Sommerreihe2026.pdf\">program<\/a>.\t\t\t<\/p>\t\t\t\n\t\t\n\t\t<\/div>\n\t  \t \t<div class=\"col-img\">\n\t\t\t\n\t\t<figure class= \"wp-block-latest-posts__featured-image\"><img decoding=\"async\" src=\"https:\/\/www.forgerex.de\/wp-content\/uploads\/2025\/07\/ForGeRex-Logo-Web_sRGB.svg\" \/><\/figure>\t\n\t    <\/div>\t\n\t  \t \n\t<\/div>\n<\/div>\t\n<div class=\"wp-block-group alignwide has-background  has-gruen-background-color single-post\">\n <div class=\"wp-block-group__inner-container is-layout-constrained wp-block-group-is-layout-constrained\">\n\n\t\t<div class=\"col-content\">\n\t\t\n\t\t\t<h4 class=\"post-heading\">\n\t\t\t\tAntifeminism\t\t\t<\/h4>\n\t\t\t<span class='single-post-date marker'>\t\t\t 28.04.2026<\/span>\t\n\t\t\n\t\t\t - \t\t\t<p class=\"excerpt\">\t\t\t Part of the online lecture series \"Overlooked and Concealed: The Impact of the 'Grey Wolves'\"<br><li>Dr. Dastan Jasim - Antifeminism as a State Project: Women, Nation and Right-Wing Mobilisation in Turkey<\/li>\n<li>Dr. Funda H\u00fclag\u00fc Demirbilek - 'Regressive Rebels'? Men's Rights Groups and Antifeminist Meaning-Making in Turkey<\/li>\nModerator: Jessica Hoyer (OTH Regensburg)<br>Further information on lectures, registration, admission and other events in this series can be found in the <a href=\"http:\/\/www.forgerex.de\/wp-content\/uploads\/2026\/03\/Programm-Sommerreihe2026.pdf\">program<\/a>.\t\t\t<\/p>\t\t\t\n\t\t\n\t\t<\/div>\n\t  \t \t<div class=\"col-img\">\n\t\t\t\n\t\t<figure class= \"wp-block-latest-posts__featured-image\"><img decoding=\"async\" src=\"https:\/\/www.forgerex.de\/wp-content\/uploads\/2025\/07\/ForGeRex-Logo-Web_sRGB.svg\" \/><\/figure>\t\n\t    <\/div>\t\n\t  \t \n\t<\/div>\n<\/div>\t\n<div class=\"wp-block-group alignwide has-background  has-gruen-background-color single-post\">\n <div class=\"wp-block-group__inner-container is-layout-constrained wp-block-group-is-layout-constrained\">\n\n\t\t<div class=\"col-content\">\n\t\t\n\t\t\t<h4 class=\"post-heading\">\n\t\t\t\tFar-Right Violence\t\t\t<\/h4>\n\t\t\t<span class='single-post-date marker'>\t\t\t 12.05.2026<\/span>\t\n\t\t\n\t\t\t - \t\t\t<p class=\"excerpt\">\t\t\t Part of the online lecture series \"Overlooked and Concealed: The Impact of the 'Grey Wolves'\"<br><li>Eylem \u015een - Mad\u0131mak Massacre Memorial Center: Confronting a Crime Against Humanity, State Responsibility, and Collective Memory<\/li>\n<li>Ceren T\u00fcrkmen - After 1993: Political Violence in Sivas and Solingen. How Alevi Self-Organisation and Alliance Politics Were Shaped and Limited <\/li>\nModerator: Antonia Rode (Munich University of Applied Sciences)<br>Further information on lectures, registration, admission and other events in this series can be found in the <a href=\"http:\/\/www.forgerex.de\/wp-content\/uploads\/2026\/03\/Programm-Sommerreihe2026.pdf\">program<\/a>.\t\t\t<\/p>\t\t\t\n\t\t\n\t\t<\/div>\n\t  \t \t<div class=\"col-img\">\n\t\t\t\n\t\t<figure class= \"wp-block-latest-posts__featured-image\"><img decoding=\"async\" src=\"https:\/\/www.forgerex.de\/wp-content\/uploads\/2025\/07\/ForGeRex-Logo-Web_sRGB.svg\" \/><\/figure>\t\n\t    <\/div>\t\n\t  \t \n\t<\/div>\n<\/div>\t\n<div class=\"wp-block-group alignwide has-background  has-gruen-background-color single-post\">\n <div class=\"wp-block-group__inner-container is-layout-constrained wp-block-group-is-layout-constrained\">\n\n\t\t<div class=\"col-content\">\n\t\t\n\t\t\t<h4 class=\"post-heading\">\n\t\t\t\tAnti-Semitism\t\t\t<\/h4>\n\t\t\t<span class='single-post-date marker'>\t\t\t 26.05.2026<\/span>\t\n\t\t\n\t\t\t - \t\t\t<p class=\"excerpt\">\t\t\t Part of the online lecture series \"Overlooked and Concealed: The Impact of the 'Grey Wolves'\"<br><li>Dr. Elke Rajal - More than a Marginal Phenomenon: Antisemitism in Germany<\/li>\n<li>R\u0131fat Bali - An overview of anti-Semitism in Turkey<\/li>\nModerator: Rabia K\u00f6kten (OTH Regensburg)<br>Further information on lectures, registration, admission and other events in this series can be found in the <a href=\"http:\/\/www.forgerex.de\/wp-content\/uploads\/2026\/03\/Programm-Sommerreihe2026.pdf\">program<\/a>.\t\t\t<\/p>\t\t\t\n\t\t\n\t\t<\/div>\n\t  \t \t<div class=\"col-img\">\n\t\t\t\n\t\t<figure class= \"wp-block-latest-posts__featured-image\"><img decoding=\"async\" src=\"https:\/\/www.forgerex.de\/wp-content\/uploads\/2025\/07\/ForGeRex-Logo-Web_sRGB.svg\" \/><\/figure>\t\n\t    <\/div>\t\n\t  \t \n\t<\/div>\n<\/div>\t\n<div class=\"wp-block-group alignwide has-background  has-gruen-background-color single-post\">\n <div class=\"wp-block-group__inner-container is-layout-constrained wp-block-group-is-layout-constrained\">\n\n\t\t<div class=\"col-content\">\n\t\t\n\t\t\t<h4 class=\"post-heading\">\n\t\t\t\tFar-Right Parties and Movements\t\t\t<\/h4>\n\t\t\t<span class='single-post-date marker'>\t\t\t 02.06.2026<\/span>\t\n\t\t\n\t\t\t - \t\t\t<p class=\"excerpt\">\t\t\t Part of the online lecture series \"Overlooked and Concealed: The Impact of the 'Grey Wolves'\"<br><li>Dr. Anna-Sophie Heinze - The AfD as a Far-Right Party - Ideology, Organisation, Influence<\/li>\n<li>Dr. Beg\u00fcm Uzun Ta\u015fk\u0131n - Rising \u201cNew\u201d Nationalism Among Turkey\u2019s Youth: At the Crossroads of Right-Wing Politics, Democracy, and Secularism<\/li>\nModerator: Ivan Gyokov (OTH Regensburg)<br>You can find more information on lectures, registration, admission and other events in this series in the <a href=\"http:\/\/www.forgerex.de\/wp-content\/uploads\/2026\/03\/Programm-Sommerreihe2026.pdf\">program<\/a>.\t\t\t<\/p>\t\t\t\n\t\t\n\t\t<\/div>\n\t  \t \t<div class=\"col-img\">\n\t\t\t\n\t\t<figure class= \"wp-block-latest-posts__featured-image\"><img decoding=\"async\" src=\"https:\/\/www.forgerex.de\/wp-content\/uploads\/2025\/07\/ForGeRex-Logo-Web_sRGB.svg\" \/><\/figure>\t\n\t    <\/div>\t\n\t  \t \n\t<\/div>\n<\/div>\t\n<div class=\"wp-block-group alignwide has-background  has-gruen-background-color single-post\">\n <div class=\"wp-block-group__inner-container is-layout-constrained wp-block-group-is-layout-constrained\">\n\n\t\t<div class=\"col-content\">\n\t\t\n\t\t\t<h4 class=\"post-heading\">\n\t\t\t\tThe role of religion\t\t\t<\/h4>\n\t\t\t<span class='single-post-date marker'>\t\t\t 09.06.2026<\/span>\t\n\t\t\n\t\t\t - \t\t\t<p class=\"excerpt\">\t\t\t Part of the online lecture series \"Overlooked and Concealed: The Impact of the 'Grey Wolves'\"<br><li>Dr. Fikriye Y\u00fccesoy - Islamist Movements in Turkey: Discursive Transformations Before and After the Justice and Development Party (AKP)<\/li>\n<li>Dr. Evrim Er\u015fan Akk\u0131l\u0131\u00e7 - Religion, Institutions, and the Normalisation of the Far Right: The Austrian Case of \u00dclk\u00fcc\u00fc Organisations<\/li>\nModerator: Rabia K\u00f6kten (OTH Regensburg)<br>Further information on lectures, registration, admission and other events in this series can be found in the <a href=\"http:\/\/www.forgerex.de\/wp-content\/uploads\/2026\/03\/Programm-Sommerreihe2026.pdf\">program<\/a>.\t\t\t<\/p>\t\t\t\n\t\t\n\t\t<\/div>\n\t  \t \t<div class=\"col-img\">\n\t\t\t\n\t\t<figure class= \"wp-block-latest-posts__featured-image\"><img decoding=\"async\" src=\"https:\/\/www.forgerex.de\/wp-content\/uploads\/2025\/07\/ForGeRex-Logo-Web_sRGB.svg\" \/><\/figure>\t\n\t    <\/div>\t\n\t  \t \n\t<\/div>\n<\/div>\t\n<div class=\"wp-block-group alignwide has-background  has-gruen-background-color single-post\">\n <div class=\"wp-block-group__inner-container is-layout-constrained wp-block-group-is-layout-constrained\">\n\n\t\t<div class=\"col-content\">\n\t\t\n\t\t\t<h4 class=\"post-heading\">\n\t\t\t\tInsights from Peace and Conflict Research\t\t\t<\/h4>\n\t\t\t<span class='single-post-date marker'>\t\t\t 16.06.2026<\/span>\t\n\t\t\n\t\t\t - \t\t\t<p class=\"excerpt\">\t\t\t Part of the online lecture series \"Overlooked and Concealed: The Impact of the 'Grey Wolves'\"<br><li>Dr. Ayd\u0131n Bayad - Emergence and Aftermath of Proactive Transnational Politics in Turkey: A Case Study of Ethno-Religious Diasporic Communities<\/li>\n<li>Dr. Sinem Arslan - Navigating the Peace Process in Turkey: Challenges and Opportunities from a Conflict Resolution Perspective<\/li>\nModerator: Dr. Murat Arpac\u0131 (University of Erzincan)<br>Further information on lectures, registration, admission and other events in this series can be found in the <a href=\"http:\/\/www.forgerex.de\/wp-content\/uploads\/2026\/03\/Programm-Sommerreihe2026.pdf\">program<\/a>.\t\t\t<\/p>\t\t\t\n\t\t\n\t\t<\/div>\n\t  \t \t<div class=\"col-img\">\n\t\t\t\n\t\t<figure class= \"wp-block-latest-posts__featured-image\"><img decoding=\"async\" src=\"https:\/\/www.forgerex.de\/wp-content\/uploads\/2025\/07\/ForGeRex-Logo-Web_sRGB.svg\" \/><\/figure>\t\n\t    <\/div>\t\n\t  \t \n\t<\/div>\n<\/div>\t\n<div class=\"wp-block-group alignwide has-background  has-gruen-background-color single-post\">\n <div class=\"wp-block-group__inner-container is-layout-constrained wp-block-group-is-layout-constrained\">\n\n\t\t<div class=\"col-content\">\n\t\t\n\t\t\t<h4 class=\"post-heading\">\n\t\t\t\tTransnational forms of right-wing extremism\t\t\t<\/h4>\n\t\t\t<span class='single-post-date marker'>\t\t\t 30.06.2026<\/span>\t\n\t\t\n\t\t\t - \t\t\t<p class=\"excerpt\">\t\t\t Part of the online lecture series \"Overlooked and Concealed: The Impact of the 'Grey Wolves'\"<br><li>Prof. Dr. Martina Ortner \/ Rabia K\u00f6kten - Transnational Forms of Far-Right Extremism Using the Example of the \u00dclk\u00fcc\u00fc Movement \u2013 A Project Report<\/li>\n<li>Dr. Murat Arpac\u0131 - The Old within the New Far-Right Factions in Turkey: Continuities and Ruptures<\/li>\nModerator: Ivan Gyokov (OTH Regensburg)<br>You can find more information on lectures, registration, admission and other events in this series in the <a href=\"http:\/\/www.forgerex.de\/wp-content\/uploads\/2026\/03\/Programm-Sommerreihe2026.pdf\">program<\/a>.\t\t\t<\/p>\t\t\t\n\t\t\n\t\t<\/div>\n\t  \t \t<div class=\"col-img\">\n\t\t\t\n\t\t<figure class= \"wp-block-latest-posts__featured-image\"><img decoding=\"async\" src=\"https:\/\/www.forgerex.de\/wp-content\/uploads\/2025\/07\/ForGeRex-Logo-Web_sRGB.svg\" \/><\/figure>\t\n\t    <\/div>\t\n\t  \t \n\t<\/div>\n<\/div>\t\n\n    \n\n<div style=\"height:100px\" aria-hidden=\"true\" class=\"wp-block-spacer\"><\/div>\n\n<h2 class=\"wp-block-heading\">Past Events<\/h2>\n\t\n  \n\t\t\n<div class=\"wp-block-group alignwide has-background  has-gruen-background-color single-post\">\n <div class=\"wp-block-group__inner-container is-layout-constrained wp-block-group-is-layout-constrained\">\n\n\t\t<div class=\"col-content\">\n\t\t\n\t\t\t<h4 class=\"post-heading\">\n\t\t\t\tAnti-Kurdish Racism\t\t\t<\/h4>\n\t\t\t<span class='single-post-date marker'>\t\t\t 14.04.2026<\/span>\t\n\t\t\n\t\t\t - \t\t\t<p class=\"excerpt\">\t\t\t Part of the online lecture series \"Overlooked and Concealed: The Impact of the 'Grey Wolves'\"<br><li>Selda Akbay\u0131r - Kurdish Identity in the Education System: Racism, Assimilation and Microaggressions<\/li>\n<li>Assoc. Prof. Dr. Bayram Koc - Turkish Nationalism and the Kurdish Question: From Denial to Performative Pride <\/li><br>Moderator: Rabia K\u00f6kten (OTH Regensburg)<br>Further information on lectures, registration, admission and other events in this series can be found in the <a href=\"http:\/\/www.forgerex.de\/wp-content\/uploads\/2026\/03\/Programm-Sommerreihe2026.pdf\">program<\/a>.\t\t\t<\/p>\t\t\t\n\t\t\n\t\t\t<p class=\"mehr-infos\"><a href=\"https:\/\/www.forgerex.de\/en\/event\/anti-kurdish-racism\/\">Mehr Infos<\/a><\/p>    \n\t\t<\/div>\n\t  \t \t<div class=\"col-img\">\n\t\t\t\n\t\t<figure class= \"wp-block-latest-posts__featured-image\"><img decoding=\"async\" src=\"https:\/\/www.forgerex.de\/wp-content\/uploads\/2025\/07\/ForGeRex-Logo-Web_sRGB.svg\" \/><\/figure>\t\n\t    <\/div>\t\n\t  \t \n\t<\/div>\n<\/div>\t\n\n    \n\n<p><\/p>\n\n<p class=\"mehr-infos\"><a href=\"https:\/\/www.forgerex.de\/dialog-presse\/presse\/\" data-type=\"page\" data-id=\"42\">Press<\/a><\/p>\n","protected":false},"excerpt":{"rendered":"<p>Events Past Events Press<\/p>\n","protected":false},"author":1,"featured_media":0,"parent":867,"menu_order":0,"comment_status":"closed","ping_status":"closed","template":"","meta":{"footnotes":""},"class_list":["post-868","page","type-page","status-publish","hentry"],"_links":{"self":[{"href":"https:\/\/www.forgerex.de\/en\/wp-json\/wp\/v2\/pages\/868","targetHints":{"allow":["GET"]}}],"collection":[{"href":"https:\/\/www.forgerex.de\/en\/wp-json\/wp\/v2\/pages"}],"about":[{"href":"https:\/\/www.forgerex.de\/en\/wp-json\/wp\/v2\/types\/page"}],"author":[{"embeddable":true,"href":"https:\/\/www.forgerex.de\/en\/wp-json\/wp\/v2\/users\/1"}],"replies":[{"embeddable":true,"href":"https:\/\/www.forgerex.de\/en\/wp-json\/wp\/v2\/comments?post=868"}],"version-history":[{"count":2,"href":"https:\/\/www.forgerex.de\/en\/wp-json\/wp\/v2\/pages\/868\/revisions"}],"predecessor-version":[{"id":1905,"href":"https:\/\/www.forgerex.de\/en\/wp-json\/wp\/v2\/pages\/868\/revisions\/1905"}],"up":[{"embeddable":true,"href":"https:\/\/www.forgerex.de\/en\/wp-json\/wp\/v2\/pages\/867"}],"wp:attachment":[{"href":"https:\/\/www.forgerex.de\/en\/wp-json\/wp\/v2\/media?parent=868"}],"curies":[{"name":"wp","href":"https:\/\/api.w.org\/{rel}","templated":true}]}}