{"id":965,"date":"2024-10-09T12:16:34","date_gmt":"2024-10-09T10:16:34","guid":{"rendered":"https:\/\/www.forgerex.de\/projects\/transnational-forms-of-right-wing-extremism\/"},"modified":"2025-04-02T14:41:17","modified_gmt":"2025-04-02T12:41:17","slug":"transnational-forms-of-right-wing-extremism","status":"publish","type":"page","link":"https:\/\/www.forgerex.de\/en\/projects\/transnational-forms-of-right-wing-extremism\/","title":{"rendered":"8 \/ Gray Wolves in Bavaria (ReTra)"},"content":{"rendered":"\n<h1 class=\"wp-block-heading\">Transnational Forms of Right-Wing Extremism Using the Example of the \u00dclk\u00fcc\u00fc Movement<\/h1>\n\n\n\n<h2 class=\"wp-block-heading\">The sub-project \u201cReTra\u201d aims to gain deeper insights into the ideology, structure, and activities of the so-called Gray Wolves in Bavaria, as well as their connections to Turkey. In addition to analyzing the constellation of actors, we examine local contexts. What conditions contribute to the normalization of right-wing extremism with ties to Turkey? What role do various state actors play? What counterstrategies exist?<\/h2>\n\n\n\n<p>Apart from the so-called &#8220;wolf salute,&#8221; little is known about the Gray Wolves. They exploit this lack of awareness to present themselves as democratic migrant organizations. Otherwise, they remain inconspicuous in daily life, despite the Bavarian Office for the Protection of the Constitution estimating over 1,150 active members in Bavaria.<\/p>\n\n\n\n<p>Using systematic discourse and content analysis, along with other methodological approaches, we investigate the narratives and structures of the so-called Gray Wolves in Bavaria. This allows us to assess their potential threat and develop measures to restrict their scope of action.<br><br>This research contributes to the study of transnational forms of right-wing extremism. We know that far-right groups network across national borders in terms of personnel, finances, and ideology. While the concept of nation-states as closed entities is central to right-wing extremist ideology, it does not necessarily apply to their strategies and operational logic. The \u00dclk\u00fcc\u00fc movement serves as a case study to examine these transnational phenomena, which in turn enhances the broader analysis of right-wing extremism.<\/p>\n\n\n\n<p>The research is supported by an advisory group consisting of civil society actors engaged with the \u00dclk\u00fcc\u00fc movement. Additionally, the sub-project has established a network of researchers to facilitate discussions on ongoing developments.<\/p>\n\n\n\n<div class=\"wp-block-group alignwide ansprechpartner-kasten ansprechpartner-img-left\"><div class=\"wp-block-group__inner-container is-layout-constrained wp-block-group-is-layout-constrained\">\n<p class=\"notosans-semibold\">Prof. Dr. phil. Martina Ortner <\/p>\n\n\n\n<p>Regensburg University of Applied Sciences<\/p>\n\n\n\n<p><a href=\"https:\/\/www.oth-regensburg.de\/personen\/detailansicht\/martina-ortner\" target=\"_blank\" rel=\"noreferrer noopener\">Professorship for Migration-Sensitive Social Work<br><\/a><\/p>\n\n\n\n<p class=\"notosans-semibold\">Rabia K\u00f6kten<\/p>\n\n\n\n<p>Regensburg University of Applied Sciences<\/p>\n\n\n\n<p><a href=\"mailto:projekt-retra@oth-regensburg.de\">projekt-retra@oth-regensburg.de<\/a><a href=\"https:\/\/www.oth-regensburg.de\/personen\/detailansicht\/martina-ortner\" target=\"_blank\" rel=\"noreferrer noopener\"><br><\/a><\/p>\n\n\n\n<p class=\"notosans-semibold\"><\/p>\n\n\n\n<p><em>Pictured: Prof. Dr. phil. Martina Ortner<\/em><\/p>\n\n\n\n<figure class=\"wp-block-image size-full img-left\"><img loading=\"lazy\" decoding=\"async\" width=\"570\" height=\"712\" src=\"http:\/\/www.forgerex.de\/wp-content\/uploads\/2025\/02\/TP08_Ortner_4-5_SW.jpg\" alt=\"\" class=\"wp-image-1263\" srcset=\"https:\/\/www.forgerex.de\/wp-content\/uploads\/2025\/02\/TP08_Ortner_4-5_SW.jpg 570w, https:\/\/www.forgerex.de\/wp-content\/uploads\/2025\/02\/TP08_Ortner_4-5_SW-240x300.jpg 240w\" sizes=\"auto, (max-width: 570px) 100vw, 570px\" \/><\/figure>\n\n\n\n<p><a id=\"_msocom_1\"><\/a><\/p>\n<\/div><\/div>\n\n\n\n<div class=\"wp-block-group alignwide\"><div class=\"wp-block-group__inner-container is-layout-constrained wp-block-group-is-layout-constrained\">\n<div style=\"height:60px\" aria-hidden=\"true\" class=\"wp-block-spacer\"><\/div>\n\n\n\n<p class=\"mehr-infos\"><a href=\"https:\/\/www.forgerex.de\/en\/projects\/antisemitic-conspiracy-myths-and-crisis-discourses-in-right-wing-extremism\/\" data-type=\"page\" data-id=\"137\">Antisemitism and Crises<\/a><\/p>\n<\/div><\/div>\n","protected":false},"excerpt":{"rendered":"<p>Transnational Forms of Right-Wing Extremism Using the Example of the \u00dclk\u00fcc\u00fc Movement The sub-project \u201cReTra\u201d aims to gain deeper insights into the ideology, structure, and activities of the so-called Gray Wolves in Bavaria, as well as their connections to Turkey. In addition to analyzing the constellation of actors, we examine local contexts. What conditions contribute &#8230; <a title=\"8 \/ Gray Wolves in Bavaria (ReTra)\" class=\"read-more\" href=\"https:\/\/www.forgerex.de\/en\/projects\/transnational-forms-of-right-wing-extremism\/\" aria-label=\"Read more about 8 \/ Gray Wolves in Bavaria (ReTra)\">Read more<\/a><\/p>\n","protected":false},"author":1,"featured_media":0,"parent":876,"menu_order":0,"comment_status":"closed","ping_status":"closed","template":"","meta":{"footnotes":""},"class_list":["post-965","page","type-page","status-publish"],"_links":{"self":[{"href":"https:\/\/www.forgerex.de\/en\/wp-json\/wp\/v2\/pages\/965","targetHints":{"allow":["GET"]}}],"collection":[{"href":"https:\/\/www.forgerex.de\/en\/wp-json\/wp\/v2\/pages"}],"about":[{"href":"https:\/\/www.forgerex.de\/en\/wp-json\/wp\/v2\/types\/page"}],"author":[{"embeddable":true,"href":"https:\/\/www.forgerex.de\/en\/wp-json\/wp\/v2\/users\/1"}],"replies":[{"embeddable":true,"href":"https:\/\/www.forgerex.de\/en\/wp-json\/wp\/v2\/comments?post=965"}],"version-history":[{"count":7,"href":"https:\/\/www.forgerex.de\/en\/wp-json\/wp\/v2\/pages\/965\/revisions"}],"predecessor-version":[{"id":1340,"href":"https:\/\/www.forgerex.de\/en\/wp-json\/wp\/v2\/pages\/965\/revisions\/1340"}],"up":[{"embeddable":true,"href":"https:\/\/www.forgerex.de\/en\/wp-json\/wp\/v2\/pages\/876"}],"wp:attachment":[{"href":"https:\/\/www.forgerex.de\/en\/wp-json\/wp\/v2\/media?parent=965"}],"curies":[{"name":"wp","href":"https:\/\/api.w.org\/{rel}","templated":true}]}}