{"id":989,"date":"2024-10-02T11:36:26","date_gmt":"2024-10-02T09:36:26","guid":{"rendered":"https:\/\/www.forgerex.de\/management-office\/"},"modified":"2025-02-20T17:38:34","modified_gmt":"2025-02-20T16:38:34","slug":"management-office","status":"publish","type":"page","link":"https:\/\/www.forgerex.de\/en\/about-forgerex\/management-office\/","title":{"rendered":"Management Office"},"content":{"rendered":"\n<h1 class=\"wp-block-heading\">Management Office<\/h1>\n\n\n\n<h2 class=\"wp-block-heading\">The ForGeRex management office is part of the <a href=\"https:\/\/www.ifkw.uni-muenchen.de\/organisation\/forschungsverbundmanagment\/index.html\" data-type=\"link\" data-id=\"https:\/\/www.ifkw.uni-muenchen.de\/organisation\/forschungsverbundmanagment\/index.html\">Office for Research Association Management<\/a> at the Institute of Materials Resource Management at the University of Augsburg. It serves as the central point of contact for members, external partners, and those interested in the research association.<\/h2>\n\n\n\n<p>The office&#8217;s role is to conceptualize, organize, and facilitate the interdisciplinary research process and internal communication within ForGeRex. It also manages and implements the association\u2019s science communication and public relations activities.<\/p>\n\n\n\n<p>The goal is to contribute the questions and findings from the association\u2019s work to the relevant discourses in Bavaria and beyond, including through public events, press outreach, and publications derived from the research.<\/p>\n\n\n\n<div class=\"wp-block-group alignwide ansprechpartner-kasten ansprechpartner-img-left\"><div class=\"wp-block-group__inner-container is-layout-constrained wp-block-group-is-layout-constrained\">\n<p class=\"notosans-semibold\">Management<\/p>\n\n\n\n<p>Damian Groten, M.A.<br>+49 821 598-4929<\/p>\n\n\n\n<p><a href=\"mailto:damian.groten@uni-a.de\">damian.groten@uni-a.de<\/a><\/p>\n\n\n\n<p class=\"notosans-semibold\">Coordination<\/p>\n\n\n\n<p>Florian Rummler, B.A.<br>+49 821 598-4891<\/p>\n\n\n\n<p><a href=\"mailto:florian.rummler@uni-a.de\">florian.rummler@uni-a.de<\/a><\/p>\n\n\n\n<p class=\"notosans-semibold\">Contact<\/p>\n\n\n\n<p>Bayerischer Forschungsverbund ForGeRex<br>B\u00fcro f\u00fcr Forschungsverbundmanagement<br>Universit\u00e4tsstr. 2<br>86159 Augsburg<\/p>\n\n\n\n<p class=\"notosans-semibold\"><\/p>\n\n\n\n<p><em>Pictured: Damian Groten (left) and Florian Rummler (right)<\/em><\/p>\n\n\n\n<figure class=\"wp-block-image size-full img-left\"><img loading=\"lazy\" decoding=\"async\" width=\"1230\" height=\"984\" src=\"http:\/\/www.forgerex.de\/wp-content\/uploads\/2025\/02\/Geschaeftsstelle_Groten_Rummler_5-4_SW.jpg\" alt=\"\" class=\"wp-image-1217\" srcset=\"https:\/\/www.forgerex.de\/wp-content\/uploads\/2025\/02\/Geschaeftsstelle_Groten_Rummler_5-4_SW.jpg 1230w, https:\/\/www.forgerex.de\/wp-content\/uploads\/2025\/02\/Geschaeftsstelle_Groten_Rummler_5-4_SW-300x240.jpg 300w, https:\/\/www.forgerex.de\/wp-content\/uploads\/2025\/02\/Geschaeftsstelle_Groten_Rummler_5-4_SW-1024x819.jpg 1024w, https:\/\/www.forgerex.de\/wp-content\/uploads\/2025\/02\/Geschaeftsstelle_Groten_Rummler_5-4_SW-768x614.jpg 768w\" sizes=\"auto, (max-width: 1230px) 100vw, 1230px\" \/><\/figure>\n\n\n\n<p><a id=\"_msocom_1\"><\/a><\/p>\n<\/div><\/div>\n\n\n\n<p><\/p>\n","protected":false},"excerpt":{"rendered":"<p>Management Office The ForGeRex management office is part of the Office for Research Association Management at the Institute of Materials Resource Management at the University of Augsburg. It serves as the central point of contact for members, external partners, and those interested in the research association. The office&#8217;s role is to conceptualize, organize, and facilitate &#8230; <a title=\"Management Office\" class=\"read-more\" href=\"https:\/\/www.forgerex.de\/en\/about-forgerex\/management-office\/\" aria-label=\"Read more about Management Office\">Read more<\/a><\/p>\n","protected":false},"author":1,"featured_media":0,"parent":996,"menu_order":0,"comment_status":"closed","ping_status":"closed","template":"","meta":{"footnotes":""},"class_list":["post-989","page","type-page","status-publish"],"_links":{"self":[{"href":"https:\/\/www.forgerex.de\/en\/wp-json\/wp\/v2\/pages\/989","targetHints":{"allow":["GET"]}}],"collection":[{"href":"https:\/\/www.forgerex.de\/en\/wp-json\/wp\/v2\/pages"}],"about":[{"href":"https:\/\/www.forgerex.de\/en\/wp-json\/wp\/v2\/types\/page"}],"author":[{"embeddable":true,"href":"https:\/\/www.forgerex.de\/en\/wp-json\/wp\/v2\/users\/1"}],"replies":[{"embeddable":true,"href":"https:\/\/www.forgerex.de\/en\/wp-json\/wp\/v2\/comments?post=989"}],"version-history":[{"count":6,"href":"https:\/\/www.forgerex.de\/en\/wp-json\/wp\/v2\/pages\/989\/revisions"}],"predecessor-version":[{"id":1292,"href":"https:\/\/www.forgerex.de\/en\/wp-json\/wp\/v2\/pages\/989\/revisions\/1292"}],"up":[{"embeddable":true,"href":"https:\/\/www.forgerex.de\/en\/wp-json\/wp\/v2\/pages\/996"}],"wp:attachment":[{"href":"https:\/\/www.forgerex.de\/en\/wp-json\/wp\/v2\/media?parent=989"}],"curies":[{"name":"wp","href":"https:\/\/api.w.org\/{rel}","templated":true}]}}