{"id":996,"date":"2024-09-27T09:16:14","date_gmt":"2024-09-27T07:16:14","guid":{"rendered":"https:\/\/www.forgerex.de\/about-forgerex\/"},"modified":"2026-03-19T17:23:38","modified_gmt":"2026-03-19T16:23:38","slug":"about-forgerex","status":"publish","type":"page","link":"https:\/\/www.forgerex.de\/en\/","title":{"rendered":"About ForGeRex"},"content":{"rendered":"\n<div class=\"wp-block-group alignwide\"><div class=\"wp-block-group__inner-container is-layout-constrained wp-block-group-is-layout-constrained\">\n<h1 class=\"wp-block-heading\">Research association<br\/>for Contemporary Analysis,<br\/>Remembrance practice<br\/>and counter-strategies<br\/>on right-wing extremism in Bavaria<\/h1>\n\n\n\n<h2 class=\"wp-block-heading\">The Bavarian Research Association for Contemporary Analysis, Remembrance Practices, and Counterstrategies for Right-Wing Extremism (ForGeRex) conducts interdisciplinary research into both the manifestations, ideologies, and strategies of far-right actors in Bavaria, as well as effective counterstrategies.<\/h2>\n<\/div><\/div>\n\n<div class=\"wp-block-group alignwide kasten-rechts-parent\"><div class=\"wp-block-group__inner-container is-layout-constrained wp-block-group-is-layout-constrained\">\n<p>Researchers within the association collectively examine current configurations of and societal responses to right-wing extremism through the lens of their diverse disciplines. ForGeRex is funded by the Bavarian State Ministry of Science and the Arts and will receive a total of \u20ac4.5 million over a four-year period (January 2024 to December 2027).<\/p>\n\n\n\n<p>ForGeRex adopts a systematic interdisciplinary approach. A total of nine sub-projects at nine universities and two research institutions\u2014spanning sociology, political science, communication science, social sciences, social work, media and technology philosophy, art education, historical studies, political data science, and law\u2014address right-wing extremism as both a societal and scientific issue. Together, they aim to develop a comprehensive understanding of their research subject.<\/p>\n\n\n\n<p>While the sub-projects tackle specific individual questions, interdisciplinary cooperation takes place primarily within three collaborative, association-wide topics. <a href=\"https:\/\/www.forgerex.de\/forschungsthemen\/verbundweite-themen\/\" data-type=\"page\" data-id=\"38\">verbundweiten Themen<\/a>.<\/p>\n<p>Gesammelte Informationen zu unserem Forschungsverbund finden Sie in unserem <a href=\"http:\/\/www.forgerex.de\/wp-content\/uploads\/2026\/03\/ForGeRex-Flyer-260319.pdf\" alt=\"Flyer von ForGeRex\">Flyer<\/a>.<\/p>\n<\/div><\/div>\n\n<h1 class=\"wp-block-heading\">Aktuelle Veranstaltungen<\/h1>\n<div class=\"wp-block-group alignwide\"><div class=\"wp-block-group__inner-container is-layout-constrained wp-block-group-is-layout-constrained\">\t\n  \n\t\t\n<div class=\"wp-block-group alignwide has-background  highlight single-post\">\n <div class=\"wp-block-group__inner-container is-layout-constrained wp-block-group-is-layout-constrained\">\n\t\n\t\t<div class=\"col-content\">\n\t\t\t\t\n\t\t\t<h4 class=\"post-heading\">\n\t\t\tAnti-Semitism\t\t\t<\/h4>\n\t\t\t<span class='single-post-date marker'>\t\t\t 26.05.2026<\/span>\t\n\t\t\t  - \t\t\t<p class=\"excerpt\">\t\t\t Part of the online lecture series \"Overlooked and Concealed: The Impact of the 'Grey Wolves'\"<br><li>Dr. Elke Rajal - More than a Marginal Phenomenon: Antisemitism in Germany<\/li>\n<li>R\u0131fat Bali - An overview of anti-Semitism in Turkey<\/li>\nModerator: Rabia K\u00f6kten (OTH Regensburg)<br>Further information on lectures, registration, admission and other events in this series can be found in the <a href=\"http:\/\/www.forgerex.de\/wp-content\/uploads\/2026\/03\/Programm-Sommerreihe2026.pdf\">program<\/a>.\t\t\t<\/p>\t\t\t\n\t\t\t\n\t\t\n\t\t<\/div>\n\t \t  \t<div class=\"col-img\">\n\t\t\t\n\t\t<figure class= \"wp-block-latest-posts__featured-image\"><img decoding=\"async\" src=\"https:\/\/www.forgerex.de\/wp-content\/uploads\/2025\/07\/ForGeRex-Logo-Web_sRGB.svg\" \/><\/figure>\t\n\t    <\/div>\t\n\t  \t\n\t<\/div>\n<\/div>\t\n<div class=\"wp-block-group alignwide has-background  highlight single-post\">\n <div class=\"wp-block-group__inner-container is-layout-constrained wp-block-group-is-layout-constrained\">\n\t\n\t\t<div class=\"col-content\">\n\t\t\t\t\n\t\t\t<h4 class=\"post-heading\">\n\t\t\tFar-Right Parties and Movements\t\t\t<\/h4>\n\t\t\t<span class='single-post-date marker'>\t\t\t 02.06.2026<\/span>\t\n\t\t\t  - \t\t\t<p class=\"excerpt\">\t\t\t Part of the online lecture series \"Overlooked and Concealed: The Impact of the 'Grey Wolves'\"<br><li>Dr. Anna-Sophie Heinze - The AfD as a Far-Right Party - Ideology, Organisation, Influence<\/li>\n<li>Dr. Beg\u00fcm Uzun Ta\u015fk\u0131n - Rising \u201cNew\u201d Nationalism Among Turkey\u2019s Youth: At the Crossroads of Right-Wing Politics, Democracy, and Secularism<\/li>\nModerator: Ivan Gyokov (OTH Regensburg)<br>You can find more information on lectures, registration, admission and other events in this series in the <a href=\"http:\/\/www.forgerex.de\/wp-content\/uploads\/2026\/03\/Programm-Sommerreihe2026.pdf\">program<\/a>.\t\t\t<\/p>\t\t\t\n\t\t\t\n\t\t\n\t\t<\/div>\n\t \t  \t<div class=\"col-img\">\n\t\t\t\n\t\t<figure class= \"wp-block-latest-posts__featured-image\"><img decoding=\"async\" src=\"https:\/\/www.forgerex.de\/wp-content\/uploads\/2025\/07\/ForGeRex-Logo-Web_sRGB.svg\" \/><\/figure>\t\n\t    <\/div>\t\n\t  \t\n\t<\/div>\n<\/div>\t\n<div class=\"wp-block-group alignwide has-background  highlight single-post\">\n <div class=\"wp-block-group__inner-container is-layout-constrained wp-block-group-is-layout-constrained\">\n\t\n\t\t<div class=\"col-content\">\n\t\t\t\t\n\t\t\t<h4 class=\"post-heading\">\n\t\t\tThe role of religion\t\t\t<\/h4>\n\t\t\t<span class='single-post-date marker'>\t\t\t 09.06.2026<\/span>\t\n\t\t\t  - \t\t\t<p class=\"excerpt\">\t\t\t Part of the online lecture series \"Overlooked and Concealed: The Impact of the 'Grey Wolves'\"<br><li>Dr. Fikriye Y\u00fccesoy - Islamist Movements in Turkey: Discursive Transformations Before and After the Justice and Development Party (AKP)<\/li>\n<li>Dr. Evrim Er\u015fan Akk\u0131l\u0131\u00e7 - Religion, Institutions, and the Normalisation of the Far Right: The Austrian Case of \u00dclk\u00fcc\u00fc Organisations<\/li>\nModerator: Rabia K\u00f6kten (OTH Regensburg)<br>Further information on lectures, registration, admission and other events in this series can be found in the <a href=\"http:\/\/www.forgerex.de\/wp-content\/uploads\/2026\/03\/Programm-Sommerreihe2026.pdf\">program<\/a>.\t\t\t<\/p>\t\t\t\n\t\t\t\n\t\t\n\t\t<\/div>\n\t \t  \t<div class=\"col-img\">\n\t\t\t\n\t\t<figure class= \"wp-block-latest-posts__featured-image\"><img decoding=\"async\" src=\"https:\/\/www.forgerex.de\/wp-content\/uploads\/2025\/07\/ForGeRex-Logo-Web_sRGB.svg\" \/><\/figure>\t\n\t    <\/div>\t\n\t  \t\n\t<\/div>\n<\/div>\t\n\n    \n<\/div><\/div>\n\n<h1 class=\"wp-block-heading\">Aus unserem Verbund<\/h1>\n<div class=\"wp-block-group alignwide\"><div class=\"wp-block-group__inner-container is-layout-constrained wp-block-group-is-layout-constrained\">\t\n  \n\t\t\n\n\n\n\n\n<div class=\"wp-block-group alignwide has-background  highlight single-post\">\n <div class=\"wp-block-group__inner-container is-layout-constrained wp-block-group-is-layout-constrained\">\n\t\n\t\t<div class=\"col-content\">\n\t\t\t\t\n\t\t\t<h4 class=\"post-heading\">\n\t\t\tFar-Right Violence\t\t\t<\/h4>\n\t\t\t<span class='single-post-date marker'>\t\t\t 12.05.2026<\/span>\t\n\t\t\t  - \t\t\t<p class=\"excerpt\">\t\t\t Part of the online lecture series \"Overlooked and Concealed: The Impact of the 'Grey Wolves'\"<br><li>Eylem \u015een - Mad\u0131mak Massacre Memorial Center: Confronting a Crime Against Humanity, State Responsibility, and Collective Memory<\/li>\n<li>Ceren T\u00fcrkmen - After 1993: Political Violence in Sivas and Solingen. How Alevi Self-Organisation and Alliance Politics Were Shaped and Limited <\/li>\nModerator: Antonia Rode (Munich University of Applied Sciences)<br>Further information on lectures, registration, admission and other events in this series can be found in the <a href=\"http:\/\/www.forgerex.de\/wp-content\/uploads\/2026\/03\/Programm-Sommerreihe2026.pdf\">program<\/a>.\t\t\t<\/p>\t\t\t\n\t\t\t\n\t\t\n\t\t\t<p class=\"mehr-infos\"><a href=\"https:\/\/www.forgerex.de\/en\/event\/far-right-violence\/\">Mehr Infos<\/a><\/p>    \n\t\t<\/div>\n\t \t  \t<div class=\"col-img\">\n\t\t\t\n\t\t<figure class= \"wp-block-latest-posts__featured-image\"><img decoding=\"async\" src=\"https:\/\/www.forgerex.de\/wp-content\/uploads\/2025\/07\/ForGeRex-Logo-Web_sRGB.svg\" \/><\/figure>\t\n\t    <\/div>\t\n\t  \t\n\t<\/div>\n<\/div>\t\n\n\n\n\n\n<div class=\"wp-block-group alignwide has-background  highlight single-post\">\n <div class=\"wp-block-group__inner-container is-layout-constrained wp-block-group-is-layout-constrained\">\n\t\n\t\t<div class=\"col-content\">\n\t\t\t\t\n\t\t\t<h4 class=\"post-heading\">\n\t\t\tAntifeminism\t\t\t<\/h4>\n\t\t\t<span class='single-post-date marker'>\t\t\t 28.04.2026<\/span>\t\n\t\t\t  - \t\t\t<p class=\"excerpt\">\t\t\t Part of the online lecture series \"Overlooked and Concealed: The Impact of the 'Grey Wolves'\"<br><li>Dr. Dastan Jasim - Antifeminism as a State Project: Women, Nation and Right-Wing Mobilisation in Turkey<\/li>\n<li>Dr. Funda H\u00fclag\u00fc Demirbilek - 'Regressive Rebels'? Men's Rights Groups and Antifeminist Meaning-Making in Turkey<\/li>\nModerator: Jessica Hoyer (OTH Regensburg)<br>Further information on lectures, registration, admission and other events in this series can be found in the <a href=\"http:\/\/www.forgerex.de\/wp-content\/uploads\/2026\/03\/Programm-Sommerreihe2026.pdf\">program<\/a>.\t\t\t<\/p>\t\t\t\n\t\t\t\n\t\t\n\t\t\t<p class=\"mehr-infos\"><a href=\"https:\/\/www.forgerex.de\/en\/event\/antifeminism\/\">Mehr Infos<\/a><\/p>    \n\t\t<\/div>\n\t \t  \t<div class=\"col-img\">\n\t\t\t\n\t\t<figure class= \"wp-block-latest-posts__featured-image\"><img decoding=\"async\" src=\"https:\/\/www.forgerex.de\/wp-content\/uploads\/2025\/07\/ForGeRex-Logo-Web_sRGB.svg\" \/><\/figure>\t\n\t    <\/div>\t\n\t  \t\n\t<\/div>\n<\/div>\t\n\n\n\n\n\n<div class=\"wp-block-group alignwide has-background  highlight single-post\">\n <div class=\"wp-block-group__inner-container is-layout-constrained wp-block-group-is-layout-constrained\">\n\t\n\t\t<div class=\"col-content\">\n\t\t\t\t\n\t\t\t<h4 class=\"post-heading\">\n\t\t\tAnti-Armenian Racism\t\t\t<\/h4>\n\t\t\t<span class='single-post-date marker'>\t\t\t 21.04.2026<\/span>\t\n\t\t\t  - \t\t\t<p class=\"excerpt\">\t\t\t Part of the online lecture series \"Overlooked and Concealed: The Impact of the 'Grey Wolves'\"<br><li>Dr. Christin Pschichholz - Nationalist Narratives and the Long Shadow of the Past: Turkey and the Genocide of the Armenian Population<\/li>\n<li>N.N. - tba.<\/li>\nModerator: Dr. Murat Arpac\u0131 (University of Erzincan)<br>Further information on lectures, registration, admission and other events in this series can be found in the <a href=\"http:\/\/www.forgerex.de\/wp-content\/uploads\/2026\/03\/Programm-Sommerreihe2026.pdf\">program<\/a>.\t\t\t<\/p>\t\t\t\n\t\t\t\n\t\t\n\t\t\t<p class=\"mehr-infos\"><a href=\"https:\/\/www.forgerex.de\/en\/event\/anti-armenian-racism\/\">Mehr Infos<\/a><\/p>    \n\t\t<\/div>\n\t \t  \t<div class=\"col-img\">\n\t\t\t\n\t\t<figure class= \"wp-block-latest-posts__featured-image\"><img decoding=\"async\" src=\"https:\/\/www.forgerex.de\/wp-content\/uploads\/2025\/07\/ForGeRex-Logo-Web_sRGB.svg\" \/><\/figure>\t\n\t    <\/div>\t\n\t  \t\n\t<\/div>\n<\/div>\t\n\n\n\n\n\n<div class=\"wp-block-group alignwide has-background  highlight single-post\">\n <div class=\"wp-block-group__inner-container is-layout-constrained wp-block-group-is-layout-constrained\">\n\t\n\t\t<div class=\"col-content\">\n\t\t\t\t\n\t\t\t<h4 class=\"post-heading\">\n\t\t\tAnti-Kurdish Racism\t\t\t<\/h4>\n\t\t\t<span class='single-post-date marker'>\t\t\t 14.04.2026<\/span>\t\n\t\t\t  - \t\t\t<p class=\"excerpt\">\t\t\t Part of the online lecture series \"Overlooked and Concealed: The Impact of the 'Grey Wolves'\"<br><li>Selda Akbay\u0131r - Kurdish Identity in the Education System: Racism, Assimilation and Microaggressions<\/li>\n<li>Assoc. Prof. Dr. Bayram Koc - Turkish Nationalism and the Kurdish Question: From Denial to Performative Pride <\/li><br>Moderator: Rabia K\u00f6kten (OTH Regensburg)<br>Further information on lectures, registration, admission and other events in this series can be found in the <a href=\"http:\/\/www.forgerex.de\/wp-content\/uploads\/2026\/03\/Programm-Sommerreihe2026.pdf\">program<\/a>.\t\t\t<\/p>\t\t\t\n\t\t\t\n\t\t\n\t\t\t<p class=\"mehr-infos\"><a href=\"https:\/\/www.forgerex.de\/en\/event\/anti-kurdish-racism\/\">Mehr Infos<\/a><\/p>    \n\t\t<\/div>\n\t \t  \t<div class=\"col-img\">\n\t\t\t\n\t\t<figure class= \"wp-block-latest-posts__featured-image\"><img decoding=\"async\" src=\"https:\/\/www.forgerex.de\/wp-content\/uploads\/2025\/07\/ForGeRex-Logo-Web_sRGB.svg\" \/><\/figure>\t\n\t    <\/div>\t\n\t  \t\n\t<\/div>\n<\/div>\t\n\n\n\n\n\n<div class=\"wp-block-group alignwide has-background  highlight single-post\">\n <div class=\"wp-block-group__inner-container is-layout-constrained wp-block-group-is-layout-constrained\">\n\t\n\t\t<div class=\"col-content\">\n\t\t\t\t\n\t\t\t<h4 class=\"post-heading\">\n\t\t\tDisIgnoranz &#8211; Sehen im rassistischen Nebelfeld\t\t\t<\/h4>\n\t\t\t<span class='single-post-date marker'>\t\t\t 12.03.2026<\/span>\t\n\t\t\t  - \t\t\t<p class=\"excerpt\">\t\t\t The exhibition handout tells you more about the background to the exhibition, the figures of DisIgnorance and provides helpful tips for getting started with the topic. The handout can be downloaded now. \t\t\t<\/p>\t\t\t\n\t\t\t\n\t\t\n\t\t\t<p class=\"mehr-infos\"><a href=\"https:\/\/www.forgerex.de\/en\/unkategorisiert\/disignoranz-sehen-im-rassistischen-nebelfeld\/\">Mehr Infos<\/a><\/p>    \n\t\t<\/div>\n\t \t  \t<div class=\"col-img\">\n\t\t\t\n\t\t<figure class= \"wp-block-latest-posts__featured-image\"><img decoding=\"async\" src=\"https:\/\/www.forgerex.de\/wp-content\/uploads\/2026\/03\/Screenshot-2026-03-12-132840.png\" \/><\/figure>\t\n\t    <\/div>\t\n\t  \t\n\t<\/div>\n<\/div>\t\n\n    \n<\/div><\/div>\n\n<p><a id=\"_msocom_1\"><\/a><\/p>\n","protected":false},"excerpt":{"rendered":"<p>Research associationfor Contemporary Analysis,Remembrance practiceand counter-strategieson right-wing extremism in Bavaria The Bavarian Research Association for Contemporary Analysis, Remembrance Practices, and Counterstrategies for Right-Wing Extremism (ForGeRex) conducts interdisciplinary research into both the manifestations, ideologies, and strategies of far-right actors in Bavaria, as well as effective counterstrategies. Researchers within the association collectively examine current configurations of and &#8230; <a title=\"DisIgnoranz &#8211; Sehen im rassistischen Nebelfeld\" class=\"read-more\" href=\"https:\/\/www.forgerex.de\/en\/unkategorisiert\/disignoranz-sehen-im-rassistischen-nebelfeld\/\" aria-label=\"Read more about DisIgnoranz &#8211; Sehen im rassistischen Nebelfeld\">Read more<\/a><\/p>\n","protected":false},"author":1,"featured_media":0,"parent":0,"menu_order":0,"comment_status":"closed","ping_status":"closed","template":"","meta":{"footnotes":""},"class_list":["post-996","page","type-page","status-publish","hentry"],"_links":{"self":[{"href":"https:\/\/www.forgerex.de\/en\/wp-json\/wp\/v2\/pages\/996","targetHints":{"allow":["GET"]}}],"collection":[{"href":"https:\/\/www.forgerex.de\/en\/wp-json\/wp\/v2\/pages"}],"about":[{"href":"https:\/\/www.forgerex.de\/en\/wp-json\/wp\/v2\/types\/page"}],"author":[{"embeddable":true,"href":"https:\/\/www.forgerex.de\/en\/wp-json\/wp\/v2\/users\/1"}],"replies":[{"embeddable":true,"href":"https:\/\/www.forgerex.de\/en\/wp-json\/wp\/v2\/comments?post=996"}],"version-history":[{"count":13,"href":"https:\/\/www.forgerex.de\/en\/wp-json\/wp\/v2\/pages\/996\/revisions"}],"predecessor-version":[{"id":1909,"href":"https:\/\/www.forgerex.de\/en\/wp-json\/wp\/v2\/pages\/996\/revisions\/1909"}],"wp:attachment":[{"href":"https:\/\/www.forgerex.de\/en\/wp-json\/wp\/v2\/media?parent=996"}],"curies":[{"name":"wp","href":"https:\/\/api.w.org\/{rel}","templated":true}]}}